{"id":222,"date":"2024-01-15T06:37:37","date_gmt":"2024-01-15T05:37:37","guid":{"rendered":"https:\/\/aviorfinance.pl\/faktoring\/?page_id=222"},"modified":"2024-04-05T12:03:48","modified_gmt":"2024-04-05T10:03:48","slug":"kontakt","status":"publish","type":"page","link":"https:\/\/aviorfinance.pl\/faktoring\/kontakt\/","title":{"rendered":"Kontakt"},"content":{"rendered":"\t\t<div data-elementor-type=\"wp-page\" data-elementor-id=\"222\" class=\"elementor elementor-222\" data-elementor-post-type=\"page\">\n\t\t\t\t<div class=\"elementor-element elementor-element-fe1d231 e-flex e-con-boxed e-con e-parent\" data-id=\"fe1d231\" data-element_type=\"container\" data-settings=\"{&quot;background_background&quot;:&quot;classic&quot;}\">\n\t\t\t\t\t<div class=\"e-con-inner\">\n\t\t\t\t<div class=\"elementor-element elementor-element-d5b52dc elementor-widget elementor-widget-heading\" data-id=\"d5b52dc\" data-element_type=\"widget\" data-widget_type=\"heading.default\">\n\t\t\t\t<div class=\"elementor-widget-container\">\n\t\t\t\t\t<h2 class=\"elementor-heading-title elementor-size-default\">Kontakt<\/h2>\t\t\t\t<\/div>\n\t\t\t\t<\/div>\n\t\t\t\t\t<\/div>\n\t\t\t\t<\/div>\n\t\t<div class=\"elementor-element elementor-element-0a382bf e-flex e-con-boxed e-con e-parent\" data-id=\"0a382bf\" data-element_type=\"container\">\n\t\t\t\t\t<div class=\"e-con-inner\">\n\t\t<div class=\"elementor-element elementor-element-04da2c5 e-con-full e-flex e-con e-child\" data-id=\"04da2c5\" data-element_type=\"container\">\n\t\t\t\t<div class=\"elementor-element elementor-element-c93b035 elementor-widget elementor-widget-heading\" data-id=\"c93b035\" data-element_type=\"widget\" data-widget_type=\"heading.default\">\n\t\t\t\t<div class=\"elementor-widget-container\">\n\t\t\t\t\t<h2 class=\"elementor-heading-title elementor-size-default\">Infolinia<\/h2>\t\t\t\t<\/div>\n\t\t\t\t<\/div>\n\t\t\t\t<div class=\"elementor-element elementor-element-290dbc1 elementor-position-left elementor-mobile-position-left elementor-view-default elementor-vertical-align-top elementor-widget elementor-widget-icon-box\" data-id=\"290dbc1\" data-element_type=\"widget\" data-widget_type=\"icon-box.default\">\n\t\t\t\t<div class=\"elementor-widget-container\">\n\t\t\t\t\t\t\t<div class=\"elementor-icon-box-wrapper\">\n\n\t\t\t\t\t\t<div class=\"elementor-icon-box-icon\">\n\t\t\t\t<a href=\"tel:721%20400%20300\" class=\"elementor-icon\" tabindex=\"-1\" aria-label=\"721 400 300\">\n\t\t\t\t<svg xmlns=\"http:\/\/www.w3.org\/2000\/svg\" width=\"36\" height=\"36\" viewBox=\"0 0 36 36\" fill=\"none\"><path d=\"M5.19906 1.32725L5.81921 0.707107C6.20973 0.316582 6.8429 0.316582 7.23342 0.707106L14.2403 7.71395C14.6308 8.10447 14.6308 8.73763 14.2403 9.12816L9.18181 14.1866C8.85322 14.5152 8.77175 15.0172 8.97957 15.4328C11.4868 20.4473 15.5527 24.5132 20.5672 27.0204C20.9828 27.2282 21.4848 27.1468 21.8134 26.8182L26.8718 21.7597C27.2624 21.3692 27.8955 21.3692 28.2861 21.7597L35.2929 28.7666C35.6834 29.1571 35.6834 29.7903 35.2929 30.1808L34.6727 30.8009C29.3944 36.0793 21.0379 36.6732 15.0661 32.1943L14.1173 31.4827C10.4786 28.7537 7.24629 25.5214 4.51729 21.8827L3.80566 20.9339C-0.673196 14.9621 -0.0793176 6.60563 5.19906 1.32725Z\" fill=\"#F29400\"><\/path><\/svg>\t\t\t\t<\/a>\n\t\t\t<\/div>\n\t\t\t\n\t\t\t\t\t\t<div class=\"elementor-icon-box-content\">\n\n\t\t\t\t\t\t\t\t\t<h3 class=\"elementor-icon-box-title\">\n\t\t\t\t\t\t<a href=\"tel:721%20400%20300\" >\n\t\t\t\t\t\t\t721 400 300\t\t\t\t\t\t<\/a>\n\t\t\t\t\t<\/h3>\n\t\t\t\t\n\t\t\t\t\n\t\t\t<\/div>\n\t\t\t\n\t\t<\/div>\n\t\t\t\t\t\t<\/div>\n\t\t\t\t<\/div>\n\t\t\t\t<div class=\"elementor-element elementor-element-392eb94 elementor-position-left elementor-mobile-position-left elementor-view-default elementor-vertical-align-top elementor-widget elementor-widget-icon-box\" data-id=\"392eb94\" data-element_type=\"widget\" data-widget_type=\"icon-box.default\">\n\t\t\t\t<div class=\"elementor-widget-container\">\n\t\t\t\t\t\t\t<div class=\"elementor-icon-box-wrapper\">\n\n\t\t\t\t\t\t<div class=\"elementor-icon-box-icon\">\n\t\t\t\t<a href=\"tel:721%20400%20300\" class=\"elementor-icon\" tabindex=\"-1\" aria-label=\"MEVIOR Sp\u00f3\u0142ka z ograniczon\u0105 Odpowiedzialno\u015bci\u0105\u2028\">\n\t\t\t\t<svg xmlns=\"http:\/\/www.w3.org\/2000\/svg\" width=\"40\" height=\"30\" viewBox=\"0 0 40 30\" fill=\"none\"><path fill-rule=\"evenodd\" clip-rule=\"evenodd\" d=\"M10.5978 1.38004e-06H29.4022C31.5098 -4.27274e-05 33.2321 -7.88136e-05 34.5918 0.178579C36.0131 0.365326 37.2454 0.769475 38.229 1.73074C39.2126 2.692 39.6262 3.89625 39.8173 5.28525C40.0001 6.61409 40 8.29724 40 10.3569V19.6431C40 21.7028 40.0001 23.3859 39.8173 24.7148C39.6262 26.1038 39.2126 27.308 38.229 28.2693C37.2454 29.2305 36.0131 29.6347 34.5918 29.8214C33.2321 30.0001 31.5098 30 29.4022 30H10.5978C8.4902 30 6.76791 30.0001 5.40816 29.8214C3.98686 29.6347 2.7546 29.2305 1.77098 28.2693C0.787369 27.308 0.373822 26.1038 0.182732 24.7148C-8.06465e-05 23.3859 -4.3721e-05 21.7028 1.41214e-06 19.6431V10.3569C-4.3721e-05 8.29723 -8.06465e-05 6.61409 0.182732 5.28525C0.373822 3.89625 0.78737 2.692 1.77098 1.73074C2.7546 0.769475 3.98686 0.365326 5.40816 0.178579C6.7679 -7.88136e-05 8.49019 -4.27274e-05 10.5978 1.38004e-06ZM5.78001 2.88153C4.66817 3.02762 4.12298 3.28914 3.74431 3.65921C3.36563 4.02928 3.09803 4.56207 2.94854 5.64865C2.79366 6.77446 2.7907 8.27325 2.7907 10.4545V19.5455C2.7907 21.7268 2.79366 23.2255 2.94854 24.3514C3.09803 25.4379 3.36563 25.9707 3.74431 26.3408C4.12298 26.7109 4.66817 26.9724 5.78001 27.1185C6.932 27.2698 8.46565 27.2727 10.6977 27.2727H29.3023C31.5343 27.2727 33.068 27.2698 34.22 27.1185C35.3318 26.9724 35.877 26.7109 36.2557 26.3408C36.6344 25.9707 36.902 25.4379 37.0515 24.3514C37.2063 23.2255 37.2093 21.7268 37.2093 19.5455V10.4545C37.2093 8.27325 37.2063 6.77446 37.0515 5.64865C36.902 4.56207 36.6344 4.02928 36.2557 3.65921C35.877 3.28914 35.3318 3.02762 34.22 2.88153C33.068 2.73017 31.5343 2.72728 29.3023 2.72728H10.6977C8.46565 2.72728 6.932 2.73017 5.78001 2.88153Z\" fill=\"#F29400\"><\/path><path d=\"M18.3359 16.4596L1.39535 8.18182V23.1818C1.39535 26.1943 3.89423 28.6364 6.97675 28.6364H33.0233C36.1058 28.6364 38.6047 26.1943 38.6047 23.1818V8.18182L21.6641 16.4596C20.6165 16.9715 19.3835 16.9715 18.3359 16.4596Z\" fill=\"#F29400\"><\/path><\/svg>\t\t\t\t<\/a>\n\t\t\t<\/div>\n\t\t\t\n\t\t\t\t\t\t<div class=\"elementor-icon-box-content\">\n\n\t\t\t\t\t\t\t\t\t<h3 class=\"elementor-icon-box-title\">\n\t\t\t\t\t\t<a href=\"tel:721%20400%20300\" >\n\t\t\t\t\t\t\tMEVIOR Sp\u00f3\u0142ka z ograniczon\u0105 Odpowiedzialno\u015bci\u0105\u2028\t\t\t\t\t\t<\/a>\n\t\t\t\t\t<\/h3>\n\t\t\t\t\n\t\t\t\t\t\t\t\t\t<p class=\"elementor-icon-box-description\">\n\t\t\t\t\t\tul. Tadeusza Ko\u015bciuszki 13, <br>33-300 Nowy S\u0105cz\t\t\t\t\t<\/p>\n\t\t\t\t\n\t\t\t<\/div>\n\t\t\t\n\t\t<\/div>\n\t\t\t\t\t\t<\/div>\n\t\t\t\t<\/div>\n\t\t\t\t<\/div>\n\t\t<div class=\"elementor-element elementor-element-d4ca5fb e-con-full e-flex e-con e-child\" data-id=\"d4ca5fb\" data-element_type=\"container\">\n\t\t\t\t<div class=\"elementor-element elementor-element-6965bdc elementor-widget elementor-widget-html\" data-id=\"6965bdc\" data-element_type=\"widget\" data-widget_type=\"html.default\">\n\t\t\t\t<div class=\"elementor-widget-container\">\n\t\t\t\t\t<iframe src=\"https:\/\/www.google.com\/maps\/embed?pb=!1m18!1m12!1m3!1d2584.679547448602!2d20.690970176900013!3d49.62264574662063!2m3!1f0!2f0!3f0!3m2!1i1024!2i768!4f13.1!3m3!1m2!1s0x473de54b1b77c7c5%3A0x914e135493a42a1!2sDom%20Handlowy%20Merkury%2C%20Tadeusza%20Ko%C5%9Bciuszki%2013%2C%2033-300%20Nowy%20S%C4%85cz!5e0!3m2!1spl!2spl!4v1705297453964!5m2!1spl!2spl\" width=\"600\" height=\"450\" style=\"border:0;\" allowfullscreen=\"\" loading=\"lazy\" referrerpolicy=\"no-referrer-when-downgrade\"><\/iframe>\t\t\t\t<\/div>\n\t\t\t\t<\/div>\n\t\t\t\t<\/div>\n\t\t\t\t\t<\/div>\n\t\t\t\t<\/div>\n\t\t<div class=\"elementor-element elementor-element-9c63332 e-flex e-con-boxed e-con e-parent\" data-id=\"9c63332\" data-element_type=\"container\">\n\t\t\t\t\t<div class=\"e-con-inner\">\n\t\t\t\t<div class=\"elementor-element elementor-element-29b5c5e elementor-button-align-center elementor-widget__width-initial elementor-widget-mobile__width-inherit elementor-widget elementor-widget-form\" data-id=\"29b5c5e\" data-element_type=\"widget\" data-settings=\"{&quot;step_next_label&quot;:&quot;Next&quot;,&quot;step_previous_label&quot;:&quot;Previous&quot;,&quot;button_width&quot;:&quot;100&quot;,&quot;step_type&quot;:&quot;number_text&quot;,&quot;step_icon_shape&quot;:&quot;circle&quot;}\" data-widget_type=\"form.default\">\n\t\t\t\t<div class=\"elementor-widget-container\">\n\t\t\t\t\t\t\t<form class=\"elementor-form\" method=\"post\" name=\"New Form\">\n\t\t\t<input type=\"hidden\" name=\"post_id\" value=\"222\"\/>\n\t\t\t<input type=\"hidden\" name=\"form_id\" value=\"29b5c5e\"\/>\n\t\t\t<input type=\"hidden\" name=\"referer_title\" value=\"\" \/>\n\n\t\t\t\n\t\t\t<div class=\"elementor-form-fields-wrapper elementor-labels-above\">\n\t\t\t\t\t\t\t\t<div class=\"elementor-field-type-text elementor-field-group elementor-column elementor-field-group-name elementor-col-50\">\n\t\t\t\t\t\t\t\t\t\t\t\t\t<input size=\"1\" type=\"text\" name=\"form_fields[name]\" id=\"form-field-name\" class=\"elementor-field elementor-size-sm  elementor-field-textual\" placeholder=\"Imi\u0119 i nazwisko\">\n\t\t\t\t\t\t\t\t\t\t\t<\/div>\n\t\t\t\t\t\t\t\t<div class=\"elementor-field-type-email elementor-field-group elementor-column elementor-field-group-email elementor-col-50 elementor-field-required\">\n\t\t\t\t\t\t\t\t\t\t\t\t\t<input size=\"1\" type=\"email\" name=\"form_fields[email]\" id=\"form-field-email\" class=\"elementor-field elementor-size-sm  elementor-field-textual\" placeholder=\"Adres e-mail\" required=\"required\">\n\t\t\t\t\t\t\t\t\t\t\t<\/div>\n\t\t\t\t\t\t\t\t<div class=\"elementor-field-type-tel elementor-field-group elementor-column elementor-field-group-field_423f280 elementor-col-50\">\n\t\t\t\t\t\t\t<input size=\"1\" type=\"tel\" name=\"form_fields[field_423f280]\" id=\"form-field-field_423f280\" class=\"elementor-field elementor-size-sm  elementor-field-textual\" placeholder=\"Numer telefonu\" pattern=\"[0-9()#&amp;+*-=.]+\" title=\"Only numbers and phone characters (#, -, *, etc) are accepted.\">\n\n\t\t\t\t\t\t<\/div>\n\t\t\t\t\t\t\t\t<div class=\"elementor-field-type-select elementor-field-group elementor-column elementor-field-group-field_f04814b elementor-col-50\">\n\t\t\t\t\t\t\t<div class=\"elementor-field elementor-select-wrapper remove-before \">\n\t\t\t<div class=\"select-caret-down-wrapper\">\n\t\t\t\t<i aria-hidden=\"true\" class=\"eicon-caret-down\"><\/i>\t\t\t<\/div>\n\t\t\t<select name=\"form_fields[field_f04814b]\" id=\"form-field-field_f04814b\" class=\"elementor-field-textual elementor-size-sm\">\n\t\t\t\t\t\t\t\t\t<option value=\"Wybierz temat\">Wybierz temat<\/option>\n\t\t\t\t\t\t\t\t\t<option value=\"Prosz\u0119 o kontakt\">Prosz\u0119 o kontakt<\/option>\n\t\t\t\t\t\t\t\t\t<option value=\"Pytania og\u00f3lne\">Pytania og\u00f3lne<\/option>\n\t\t\t\t\t\t\t<\/select>\n\t\t<\/div>\n\t\t\t\t\t\t<\/div>\n\t\t\t\t\t\t\t\t<div class=\"elementor-field-type-textarea elementor-field-group elementor-column elementor-field-group-message elementor-col-100\">\n\t\t\t\t\t<textarea class=\"elementor-field-textual elementor-field  elementor-size-sm\" name=\"form_fields[message]\" id=\"form-field-message\" rows=\"8\" placeholder=\"Tre\u015b\u0107 wiadomo\u015bci \/ pytanie\"><\/textarea>\t\t\t\t<\/div>\n\t\t\t\t\t\t\t\t<div class=\"elementor-field-type-acceptance elementor-field-group elementor-column elementor-field-group-field_7fa5659 elementor-col-100\">\n\t\t\t\t\t\t\t<div class=\"elementor-field-subgroup\">\n\t\t\t<span class=\"elementor-field-option\">\n\t\t\t\t<input type=\"checkbox\" name=\"form_fields[field_7fa5659]\" id=\"form-field-field_7fa5659\" class=\"elementor-field elementor-size-sm  elementor-acceptance-field\">\n\t\t\t\t<label for=\"form-field-field_7fa5659\">Potwierdzam, \u017ce zapozna\u0142em si\u0119 z klauzul\u0105 informacyjn\u0105 dotycz\u0105c\u0105 przetwarzania danych osobowych przez bank i wyra\u017cam zgod\u0119 na kontakt w celu udzielenia odpowiedzi na wys\u0142an\u0105 przeze mnie wiadomo\u015b\u0107..<\/label>\t\t\t<\/span>\n\t\t<\/div>\n\t\t\t\t\t\t<\/div>\n\t\t\t\t\t\t\t\t<div class=\"elementor-field-type-acceptance elementor-field-group elementor-column elementor-field-group-field_2674cd5 elementor-col-100\">\n\t\t\t\t\t\t\t<div class=\"elementor-field-subgroup\">\n\t\t\t<span class=\"elementor-field-option\">\n\t\t\t\t<input type=\"checkbox\" name=\"form_fields[field_2674cd5]\" id=\"form-field-field_2674cd5\" class=\"elementor-field elementor-size-sm  elementor-acceptance-field\">\n\t\t\t\t<label for=\"form-field-field_2674cd5\">Wyra\u017cam zgod\u0119 na przekazywanie informacji handlowych za pomoc\u0105 \u015brodk\u00f3w komunikacji elektronicznej oraz urz\u0105dze\u0144 telekomunikacyjnych przez Avior Finance Sp. z o. o. zgodnie z postanowieniami ustawy z dnia 18 lipca 2002 r. o \u015bwiadczeniu us\u0142ug drog\u0105 elektroniczn\u0105 oraz ustawy z dnia 16 lipca 2004r. Prawo telekomunikacyjne. Wysy\u0142aj\u0105c wiadomo\u015b\u0107 poprzez formularz kontaktowy, akceptujesz nasz\u0105 polityk\u0119 prywatno\u015bci.<\/label>\t\t\t<\/span>\n\t\t<\/div>\n\t\t\t\t\t\t<\/div>\n\t\t\t\t\t\t\t\t<div class=\"elementor-field-group elementor-column elementor-field-type-submit elementor-col-100 e-form__buttons\">\n\t\t\t\t\t<button class=\"elementor-button elementor-size-sm\" type=\"submit\">\n\t\t\t\t\t\t<span class=\"elementor-button-content-wrapper\">\n\t\t\t\t\t\t\t\t\t\t\t\t\t\t\t\t\t\t\t\t\t\t<span class=\"elementor-button-text\">Wy\u015blij wiadomo\u015b\u0107<\/span>\n\t\t\t\t\t\t\t\t\t\t\t\t\t<\/span>\n\t\t\t\t\t<\/button>\n\t\t\t\t<\/div>\n\t\t\t<\/div>\n\t\t<\/form>\n\t\t\t\t\t\t<\/div>\n\t\t\t\t<\/div>\n\t\t\t\t\t<\/div>\n\t\t\t\t<\/div>\n\t\t\t\t<\/div>\n\t\t","protected":false},"excerpt":{"rendered":"<p>Kontakt Infolinia 721 400 300 MEVIOR Sp\u00f3\u0142ka z ograniczon\u0105 Odpowiedzialno\u015bci\u0105\u2028 ul. Tadeusza Ko\u015bciuszki 13, 33-300 Nowy S\u0105cz<\/p>\n","protected":false},"author":1,"featured_media":0,"parent":0,"menu_order":0,"comment_status":"closed","ping_status":"closed","template":"elementor_header_footer","meta":{"_acf_changed":false,"footnotes":""},"class_list":["post-222","page","type-page","status-publish","hentry"],"acf":[],"_links":{"self":[{"href":"https:\/\/aviorfinance.pl\/faktoring\/wp-json\/wp\/v2\/pages\/222","targetHints":{"allow":["GET"]}}],"collection":[{"href":"https:\/\/aviorfinance.pl\/faktoring\/wp-json\/wp\/v2\/pages"}],"about":[{"href":"https:\/\/aviorfinance.pl\/faktoring\/wp-json\/wp\/v2\/types\/page"}],"author":[{"embeddable":true,"href":"https:\/\/aviorfinance.pl\/faktoring\/wp-json\/wp\/v2\/users\/1"}],"replies":[{"embeddable":true,"href":"https:\/\/aviorfinance.pl\/faktoring\/wp-json\/wp\/v2\/comments?post=222"}],"version-history":[{"count":25,"href":"https:\/\/aviorfinance.pl\/faktoring\/wp-json\/wp\/v2\/pages\/222\/revisions"}],"predecessor-version":[{"id":573,"href":"https:\/\/aviorfinance.pl\/faktoring\/wp-json\/wp\/v2\/pages\/222\/revisions\/573"}],"wp:attachment":[{"href":"https:\/\/aviorfinance.pl\/faktoring\/wp-json\/wp\/v2\/media?parent=222"}],"curies":[{"name":"wp","href":"https:\/\/api.w.org\/{rel}","templated":true}]}}